{"id":17,"date":"2015-10-26T18:43:40","date_gmt":"2015-10-26T18:43:40","guid":{"rendered":"http:\/\/dev.parkwestcasinosonoma.com\/?page_id=17"},"modified":"2016-04-03T22:40:22","modified_gmt":"2016-04-03T22:40:22","slug":"vip","status":"publish","type":"page","link":"https:\/\/parkwestcasinosonoma.com\/es\/vip\/","title":{"rendered":"VIP"},"content":{"rendered":"<p>Con un servicio de primera categor\u00eda, en Parkwest Casino Sonoma tratamos a nuestros clientes el m\u00e1s alto nivel de respeto y cortes\u00eda. Nuestro personal se esfuerza por establecer relaciones, dar un toque personal a cada cliente, y superar las expectativas. Reconocemos leales clientes VIP con servicios y promociones especiales. \u00bfC\u00f3mo convertirse en un miembro VIP de Casino Parkwest Sonoma? Vis\u00edtenos y experimente por s\u00ed mismo!<\/p>","protected":false},"excerpt":{"rendered":"<p>Con un servicio de primera categor\u00eda, en Parkwest Casino Sonoma tratamos a nuestros clientes el m\u00e1s alto nivel de respeto y cortes\u00eda. Nuestro personal se esfuerza por establecer relaciones, dar un toque personal a cada cliente, y superar las expectativas. Reconocemos leales clientes VIP con servicios y promociones especiales. \u00bfC\u00f3mo convertirse en un miembro VIP [&hellip;]<\/p>\n","protected":false},"author":1,"featured_media":0,"parent":0,"menu_order":0,"comment_status":"closed","ping_status":"closed","template":"","meta":[],"_links":{"self":[{"href":"https:\/\/parkwestcasinosonoma.com\/es\/wp-json\/wp\/v2\/pages\/17"}],"collection":[{"href":"https:\/\/parkwestcasinosonoma.com\/es\/wp-json\/wp\/v2\/pages"}],"about":[{"href":"https:\/\/parkwestcasinosonoma.com\/es\/wp-json\/wp\/v2\/types\/page"}],"author":[{"embeddable":true,"href":"https:\/\/parkwestcasinosonoma.com\/es\/wp-json\/wp\/v2\/users\/1"}],"replies":[{"embeddable":true,"href":"https:\/\/parkwestcasinosonoma.com\/es\/wp-json\/wp\/v2\/comments?post=17"}],"version-history":[{"count":3,"href":"https:\/\/parkwestcasinosonoma.com\/es\/wp-json\/wp\/v2\/pages\/17\/revisions"}],"predecessor-version":[{"id":297,"href":"https:\/\/parkwestcasinosonoma.com\/es\/wp-json\/wp\/v2\/pages\/17\/revisions\/297"}],"wp:attachment":[{"href":"https:\/\/parkwestcasinosonoma.com\/es\/wp-json\/wp\/v2\/media?parent=17"}],"curies":[{"name":"wp","href":"https:\/\/api.w.org\/{rel}","templated":true}]}}