{"id":34,"date":"2015-10-26T19:01:07","date_gmt":"2015-10-26T19:01:07","guid":{"rendered":"http:\/\/dev.parkwestcasinosonoma.com\/?page_id=34"},"modified":"2016-04-03T22:34:15","modified_gmt":"2016-04-03T22:34:15","slug":"casino","status":"publish","type":"page","link":"https:\/\/parkwestcasinosonoma.com\/es\/casino\/","title":{"rendered":"Casino"},"content":{"rendered":"<p>Parkwest Casino Sonoma trae sus juegos favoritos sin el ruido y la congesti\u00f3n de las m\u00e1quinas tragaperras y en la comodidad de nuestras instalaciones de fumar. Parkwest Casino Sonoma ofrece una variedad de sus juegos de p\u00f3ker favoritas y Sin Cargo de juego en los juegos de mesa m\u00e1s populares. Con un mont\u00f3n de acci\u00f3n y el refinamiento de un servicio de calidad, Parkwest Casino Sonoma introduce un nuevo est\u00e1ndar para los juegos de alto nivel para la regi\u00f3n de Petaluma. Nuestra misi\u00f3n es proporcionar una experiencia de juego de comedor y coherente centrado en el servicio al cliente en un ambiente agradable, seguro y pr\u00edstina.<\/p>","protected":false},"excerpt":{"rendered":"<p>Parkwest Casino Sonoma trae sus juegos favoritos sin el ruido y la congesti\u00f3n de las m\u00e1quinas tragaperras y en la comodidad de nuestras instalaciones de fumar. Parkwest Casino Sonoma ofrece una variedad de sus juegos de p\u00f3ker favoritas y Sin Cargo de juego en los juegos de mesa m\u00e1s populares. Con un mont\u00f3n de acci\u00f3n [&hellip;]<\/p>\n","protected":false},"author":1,"featured_media":0,"parent":0,"menu_order":0,"comment_status":"closed","ping_status":"closed","template":"","meta":[],"_links":{"self":[{"href":"https:\/\/parkwestcasinosonoma.com\/es\/wp-json\/wp\/v2\/pages\/34"}],"collection":[{"href":"https:\/\/parkwestcasinosonoma.com\/es\/wp-json\/wp\/v2\/pages"}],"about":[{"href":"https:\/\/parkwestcasinosonoma.com\/es\/wp-json\/wp\/v2\/types\/page"}],"author":[{"embeddable":true,"href":"https:\/\/parkwestcasinosonoma.com\/es\/wp-json\/wp\/v2\/users\/1"}],"replies":[{"embeddable":true,"href":"https:\/\/parkwestcasinosonoma.com\/es\/wp-json\/wp\/v2\/comments?post=34"}],"version-history":[{"count":3,"href":"https:\/\/parkwestcasinosonoma.com\/es\/wp-json\/wp\/v2\/pages\/34\/revisions"}],"predecessor-version":[{"id":286,"href":"https:\/\/parkwestcasinosonoma.com\/es\/wp-json\/wp\/v2\/pages\/34\/revisions\/286"}],"wp:attachment":[{"href":"https:\/\/parkwestcasinosonoma.com\/es\/wp-json\/wp\/v2\/media?parent=34"}],"curies":[{"name":"wp","href":"https:\/\/api.w.org\/{rel}","templated":true}]}}