{"id":8,"date":"2015-10-25T22:56:57","date_gmt":"2015-10-25T22:56:57","guid":{"rendered":"http:\/\/dev.parkwestcasinosonoma.com\/?page_id=8"},"modified":"2018-08-03T18:22:25","modified_gmt":"2018-08-03T18:22:25","slug":"dining","status":"publish","type":"page","link":"https:\/\/parkwestcasinosonoma.com\/es\/dining\/","title":{"rendered":"Comida"},"content":{"rendered":"<p>La barra de los l\u00edmites de ciudad y Grill es un moderno bar y restaurante que sirve c\u00f3cteles artesanales, cervezas y vinos locales, el popular $ 9,99 Prime Rib especial y otra deliciosa cocina americana. Con un interior elegante y moderno, pero c\u00f3moda, los hu\u00e9spedes hacer que los l\u00edmites de la ciudad Bar and Grill su lugar favorito para sintonizar con eventos deportivos, buena comida y bebidas, y cenar tarde por la noche hasta las 2 am. Con la atenci\u00f3n sobre el refinamiento, el servicio y una cocina de calidad, la barra City Limits and Grill introduce un nuevo est\u00e1ndar para los restaurantes locales en Petaluma.<\/p>","protected":false},"excerpt":{"rendered":"<p>La barra de los l\u00edmites de ciudad y Grill es un moderno bar y restaurante que sirve c\u00f3cteles artesanales, cervezas y vinos locales, el popular $ 9,99 Prime Rib especial y otra deliciosa cocina americana. Con un interior elegante y moderno, pero c\u00f3moda, los hu\u00e9spedes hacer que los l\u00edmites de la ciudad Bar and Grill [&hellip;]<\/p>\n","protected":false},"author":1,"featured_media":0,"parent":0,"menu_order":0,"comment_status":"closed","ping_status":"closed","template":"","meta":[],"_links":{"self":[{"href":"https:\/\/parkwestcasinosonoma.com\/es\/wp-json\/wp\/v2\/pages\/8"}],"collection":[{"href":"https:\/\/parkwestcasinosonoma.com\/es\/wp-json\/wp\/v2\/pages"}],"about":[{"href":"https:\/\/parkwestcasinosonoma.com\/es\/wp-json\/wp\/v2\/types\/page"}],"author":[{"embeddable":true,"href":"https:\/\/parkwestcasinosonoma.com\/es\/wp-json\/wp\/v2\/users\/1"}],"replies":[{"embeddable":true,"href":"https:\/\/parkwestcasinosonoma.com\/es\/wp-json\/wp\/v2\/comments?post=8"}],"version-history":[{"count":7,"href":"https:\/\/parkwestcasinosonoma.com\/es\/wp-json\/wp\/v2\/pages\/8\/revisions"}],"predecessor-version":[{"id":599,"href":"https:\/\/parkwestcasinosonoma.com\/es\/wp-json\/wp\/v2\/pages\/8\/revisions\/599"}],"wp:attachment":[{"href":"https:\/\/parkwestcasinosonoma.com\/es\/wp-json\/wp\/v2\/media?parent=8"}],"curies":[{"name":"wp","href":"https:\/\/api.w.org\/{rel}","templated":true}]}}