{"id":17,"date":"2015-10-26T18:43:40","date_gmt":"2015-10-26T18:43:40","guid":{"rendered":"http:\/\/dev.parkwestcasinosonoma.com\/?page_id=17"},"modified":"2016-04-03T22:40:22","modified_gmt":"2016-04-03T22:40:22","slug":"vip","status":"publish","type":"page","link":"https:\/\/parkwestcasinosonoma.com\/vi\/vip\/","title":{"rendered":"Cao C\u1ea5p"},"content":{"rendered":"<p>Cung c\u1ea5p d\u1ecbch v\u1ee5 h\u00e0ng \u0111\u1ea7u, t\u1ea1i Parkwest Casino Sonoma ch\u00fang ta \u0111\u1ed1i x\u1eed v\u1edbi kh\u00e1ch h\u00e0ng c\u1ee7a ch\u00fang t\u00f4i v\u1edbi m\u1ee9c cao nh\u1ea5t c\u1ee7a s\u1ef1 t\u00f4n tr\u1ecdng v\u00e0 l\u1ecbch s\u1ef1. Nh\u00e2n vi\u00ean ch\u00fang t\u00f4i lu\u00f4n n\u1ed7 l\u1ef1c \u0111\u1ec3 x\u00e2y d\u1ef1ng c\u00e1c m\u1ed1i quan h\u1ec7, cung c\u1ea5p m\u1ed9t li\u00ean l\u1ea1c c\u00e1 nh\u00e2n v\u1edbi m\u1ed7i kh\u00e1ch h\u00e0ng, v\u00e0 v\u01b0\u1ee3t qu\u00e1 mong \u0111\u1ee3i. Ch\u00fang t\u00f4i th\u1eeba nh\u1eadn kh\u00e1ch h\u00e0ng VIP trung th\u00e0nh v\u1edbi c\u00e1c d\u1ecbch v\u1ee5 \u0111\u1eb7c bi\u1ec7t v\u00e0 c\u00e1c ch\u01b0\u01a1ng tr\u00ecnh khuy\u1ebfn m\u00e3i. L\u00e0m th\u1ebf n\u00e0o \u0111\u1ec3 b\u1ea1n tr\u1edf th\u00e0nh m\u1ed9t VIP t\u1ea1i Parkwest Casino Sonoma? Gh\u00e9 th\u0103m ch\u00fang t\u00f4i v\u00e0 tr\u1ea3i nghi\u1ec7m n\u00f3 cho ch\u00ednh m\u00ecnh!<\/p>","protected":false},"excerpt":{"rendered":"<p>Cung c\u1ea5p d\u1ecbch v\u1ee5 h\u00e0ng \u0111\u1ea7u, t\u1ea1i Parkwest Casino Sonoma ch\u00fang ta \u0111\u1ed1i x\u1eed v\u1edbi kh\u00e1ch h\u00e0ng c\u1ee7a ch\u00fang t\u00f4i v\u1edbi m\u1ee9c cao nh\u1ea5t c\u1ee7a s\u1ef1 t\u00f4n tr\u1ecdng v\u00e0 l\u1ecbch s\u1ef1. Nh\u00e2n vi\u00ean ch\u00fang t\u00f4i lu\u00f4n n\u1ed7 l\u1ef1c \u0111\u1ec3 x\u00e2y d\u1ef1ng c\u00e1c m\u1ed1i quan h\u1ec7, cung c\u1ea5p m\u1ed9t li\u00ean l\u1ea1c c\u00e1 nh\u00e2n v\u1edbi m\u1ed7i kh\u00e1ch [&hellip;]<\/p>\n","protected":false},"author":1,"featured_media":0,"parent":0,"menu_order":0,"comment_status":"closed","ping_status":"closed","template":"","meta":[],"_links":{"self":[{"href":"https:\/\/parkwestcasinosonoma.com\/vi\/wp-json\/wp\/v2\/pages\/17"}],"collection":[{"href":"https:\/\/parkwestcasinosonoma.com\/vi\/wp-json\/wp\/v2\/pages"}],"about":[{"href":"https:\/\/parkwestcasinosonoma.com\/vi\/wp-json\/wp\/v2\/types\/page"}],"author":[{"embeddable":true,"href":"https:\/\/parkwestcasinosonoma.com\/vi\/wp-json\/wp\/v2\/users\/1"}],"replies":[{"embeddable":true,"href":"https:\/\/parkwestcasinosonoma.com\/vi\/wp-json\/wp\/v2\/comments?post=17"}],"version-history":[{"count":3,"href":"https:\/\/parkwestcasinosonoma.com\/vi\/wp-json\/wp\/v2\/pages\/17\/revisions"}],"predecessor-version":[{"id":297,"href":"https:\/\/parkwestcasinosonoma.com\/vi\/wp-json\/wp\/v2\/pages\/17\/revisions\/297"}],"wp:attachment":[{"href":"https:\/\/parkwestcasinosonoma.com\/vi\/wp-json\/wp\/v2\/media?parent=17"}],"curies":[{"name":"wp","href":"https:\/\/api.w.org\/{rel}","templated":true}]}}