{"id":19,"date":"2015-10-26T18:46:53","date_gmt":"2015-10-26T18:46:53","guid":{"rendered":"http:\/\/dev.parkwestcasinosonoma.com\/?page_id=19"},"modified":"2020-03-13T22:23:26","modified_gmt":"2020-03-13T22:23:26","slug":"shuttle","status":"publish","type":"page","link":"https:\/\/parkwestcasinosonoma.com\/vi\/shuttle\/","title":{"rendered":"Shuttle"},"content":{"rendered":"<p><\/p>\n<section>\n<p>T\u1ea1i sao l\u00e1i xe, khi ch\u00fang ta c\u00f3 th\u1ec3 \u0111\u00f3n b\u1ea1n? Ch\u00fang t\u00f4i l\u00e0m cho n\u00f3 thu\u1eadn ti\u1ec7n cho b\u1ea1n \u0111\u1ebfn th\u0103m ch\u00fang t\u00f4i t\u1ea1i Parkwest Casino Sonoma. Ch\u00fang t\u00f4i cung c\u1ea5p, chuy\u1ebfn \u0111i v\u00f2ng quanh d\u1ecbch v\u1ee5 xe bu\u00fdt \u0111\u01b0a \u0111\u00f3n mi\u1ec5n ph\u00ed m\u00e0 gi\u1ecdt b\u1ea1n t\u1eaft ngay tr\u01b0\u1edbc casino c\u1ee7a ch\u00fang t\u00f4i. \u0110\u1ebfn t\u1eeb San Francisco hay Oakland? Ch\u00fang t\u00f4i c\u00f3 \u0111\u1ecba \u0111i\u1ec3m \u0111\u00f3n kh\u00e1ch h\u00e0ng ng\u00e0y t\u1ea1i c\u00e1c g\u00f3c c\u1ee7a Kearny Th\u00e1nh v\u00e0 Sacramento \u1edf San Francisco v\u00e0 Oakland t\u1ea1i 928 Franklin St.<\/p>\n<p>\u0110\u1ec3 bi\u1ebft chi ti\u1ebft v\u1ee5 xe \u0111\u01b0a \u0111\u00f3n g\u1ecdi Frank: <a href=\"tel:+15102829098\">(510) 282-9098<\/a>.<\/p>\n<\/section>\n<section>\n<h2>Pick Up Times:<\/h2>\n<dl>\n<dt>SF Chinatown:<\/dt>\n<dd>8:15AM<\/dd>\n<dt>Oakland Chinatown:<\/dt>\n<dd>8:45AM<\/dd>\n<\/dl>\n<\/section>\n<section>\n<h2>Gi\u1edd kh\u1edfi h\u00e0nh:<\/h2>\n<dl>\n<dt>T\u1eeb Casino:<\/dt>\n<dd>2:30PM<\/dd>\n<\/dl>\n<\/section>\n<p class=\"disclaimer\">Service is operated by Park Casino Tours. Bus company is an independent contractor, not an employee, agent, or otherwise affiliated with The 101 Casino. Must be 21 years of age or older. Casino reserves the right to change or cancel any promotions at any time.  All Management decisions are final. See casino for full rules and details.  Gamble Responsibly. 1-800-GAMBLER.<\/p>\n<p><\/p>","protected":false},"excerpt":{"rendered":"<p>T\u1ea1i sao l\u00e1i xe, khi ch\u00fang ta c\u00f3 th\u1ec3 \u0111\u00f3n b\u1ea1n? Ch\u00fang t\u00f4i l\u00e0m cho n\u00f3 thu\u1eadn ti\u1ec7n cho b\u1ea1n \u0111\u1ebfn th\u0103m ch\u00fang t\u00f4i t\u1ea1i Parkwest Casino Sonoma. Ch\u00fang t\u00f4i cung c\u1ea5p, chuy\u1ebfn \u0111i v\u00f2ng quanh d\u1ecbch v\u1ee5 xe bu\u00fdt \u0111\u01b0a \u0111\u00f3n mi\u1ec5n ph\u00ed m\u00e0 gi\u1ecdt b\u1ea1n t\u1eaft ngay tr\u01b0\u1edbc casino c\u1ee7a ch\u00fang t\u00f4i. \u0110\u1ebfn [&hellip;]<\/p>\n","protected":false},"author":1,"featured_media":0,"parent":0,"menu_order":0,"comment_status":"closed","ping_status":"closed","template":"","meta":[],"_links":{"self":[{"href":"https:\/\/parkwestcasinosonoma.com\/vi\/wp-json\/wp\/v2\/pages\/19"}],"collection":[{"href":"https:\/\/parkwestcasinosonoma.com\/vi\/wp-json\/wp\/v2\/pages"}],"about":[{"href":"https:\/\/parkwestcasinosonoma.com\/vi\/wp-json\/wp\/v2\/types\/page"}],"author":[{"embeddable":true,"href":"https:\/\/parkwestcasinosonoma.com\/vi\/wp-json\/wp\/v2\/users\/1"}],"replies":[{"embeddable":true,"href":"https:\/\/parkwestcasinosonoma.com\/vi\/wp-json\/wp\/v2\/comments?post=19"}],"version-history":[{"count":23,"href":"https:\/\/parkwestcasinosonoma.com\/vi\/wp-json\/wp\/v2\/pages\/19\/revisions"}],"predecessor-version":[{"id":387,"href":"https:\/\/parkwestcasinosonoma.com\/vi\/wp-json\/wp\/v2\/pages\/19\/revisions\/387"}],"wp:attachment":[{"href":"https:\/\/parkwestcasinosonoma.com\/vi\/wp-json\/wp\/v2\/media?parent=19"}],"curies":[{"name":"wp","href":"https:\/\/api.w.org\/{rel}","templated":true}]}}