{"id":32,"date":"2015-10-26T19:00:07","date_gmt":"2015-10-26T19:00:07","guid":{"rendered":"http:\/\/dev.parkwestcasinosonoma.com\/?page_id=32"},"modified":"2016-02-22T18:55:19","modified_gmt":"2016-02-22T18:55:19","slug":"contact","status":"publish","type":"page","link":"https:\/\/parkwestcasinosonoma.com\/vi\/dining\/contact\/","title":{"rendered":"Ti\u1ebfp x\u00fac"},"content":{"rendered":"<p>T\u1ea1i City Limits Bar And Grill, ch\u00fang t\u00f4i c\u1ed1 g\u1eafng \u0111\u1ec3 \u0111\u1ea3m b\u1ea3o r\u1eb1ng kinh nghi\u1ec7m c\u1ee7a b\u1ea1n v\u1edbi nh\u00e0 h\u00e0ng c\u1ee7a ch\u00fang t\u00f4i l\u00e0 m\u1ed9t n\u0103m tuy\u1ec7t v\u1eddi. Ch\u00fang t\u00f4i th\u1ef1c s\u1ef1 \u0111\u00e1nh gi\u00e1 cao c\u00e2u h\u1ecfi c\u1ee7a b\u1ea1n, m\u1ed1i quan t\u00e2m, v\u00e0 \u00fd ki\u1ebfn. N\u1ebfu b\u1ea1n mu\u1ed1n li\u00ean l\u1ea1c v\u1edbi ch\u00fang t\u00f4i, vui l\u00f2ng \u0111i\u1ec1n v\u00e0o m\u1eabu d\u01b0\u1edbi \u0111\u00e2y.<\/p>","protected":false},"excerpt":{"rendered":"<p>T\u1ea1i City Limits Bar And Grill, ch\u00fang t\u00f4i c\u1ed1 g\u1eafng \u0111\u1ec3 \u0111\u1ea3m b\u1ea3o r\u1eb1ng kinh nghi\u1ec7m c\u1ee7a b\u1ea1n v\u1edbi nh\u00e0 h\u00e0ng c\u1ee7a ch\u00fang t\u00f4i l\u00e0 m\u1ed9t n\u0103m tuy\u1ec7t v\u1eddi. Ch\u00fang t\u00f4i th\u1ef1c s\u1ef1 \u0111\u00e1nh gi\u00e1 cao c\u00e2u h\u1ecfi c\u1ee7a b\u1ea1n, m\u1ed1i quan t\u00e2m, v\u00e0 \u00fd ki\u1ebfn. N\u1ebfu b\u1ea1n mu\u1ed1n li\u00ean l\u1ea1c v\u1edbi ch\u00fang t\u00f4i, vui [&hellip;]<\/p>\n","protected":false},"author":1,"featured_media":0,"parent":8,"menu_order":0,"comment_status":"closed","ping_status":"closed","template":"","meta":[],"_links":{"self":[{"href":"https:\/\/parkwestcasinosonoma.com\/vi\/wp-json\/wp\/v2\/pages\/32"}],"collection":[{"href":"https:\/\/parkwestcasinosonoma.com\/vi\/wp-json\/wp\/v2\/pages"}],"about":[{"href":"https:\/\/parkwestcasinosonoma.com\/vi\/wp-json\/wp\/v2\/types\/page"}],"author":[{"embeddable":true,"href":"https:\/\/parkwestcasinosonoma.com\/vi\/wp-json\/wp\/v2\/users\/1"}],"replies":[{"embeddable":true,"href":"https:\/\/parkwestcasinosonoma.com\/vi\/wp-json\/wp\/v2\/comments?post=32"}],"version-history":[{"count":5,"href":"https:\/\/parkwestcasinosonoma.com\/vi\/wp-json\/wp\/v2\/pages\/32\/revisions"}],"predecessor-version":[{"id":204,"href":"https:\/\/parkwestcasinosonoma.com\/vi\/wp-json\/wp\/v2\/pages\/32\/revisions\/204"}],"up":[{"embeddable":true,"href":"https:\/\/parkwestcasinosonoma.com\/vi\/wp-json\/wp\/v2\/pages\/8"}],"wp:attachment":[{"href":"https:\/\/parkwestcasinosonoma.com\/vi\/wp-json\/wp\/v2\/media?parent=32"}],"curies":[{"name":"wp","href":"https:\/\/api.w.org\/{rel}","templated":true}]}}