{"id":34,"date":"2015-10-26T19:01:07","date_gmt":"2015-10-26T19:01:07","guid":{"rendered":"http:\/\/dev.parkwestcasinosonoma.com\/?page_id=34"},"modified":"2016-04-03T22:34:15","modified_gmt":"2016-04-03T22:34:15","slug":"casino","status":"publish","type":"page","link":"https:\/\/parkwestcasinosonoma.com\/vi\/casino\/","title":{"rendered":"S\u00f2ng b\u1ea1c"},"content":{"rendered":"<p>Parkwest Casino Sonoma mang tr\u00f2 ch\u01a1i y\u00eau th\u00edch c\u1ee7a b\u1ea1n m\u00e0 kh\u00f4ng c\u00f3 ti\u1ebfng \u1ed3n v\u00e0 t\u1eafc ngh\u1ebdn c\u1ee7a khe m\u00e1y v\u00e0 trong s\u1ef1 tho\u1ea3i m\u00e1i c\u1ee7a c\u01a1 s\u1edf kh\u00f4ng kh\u00f3i thu\u1ed1c c\u1ee7a ch\u00fang t\u00f4i. Parkwest Casino Sonoma cung c\u1ea5p m\u1ed9t lo\u1ea1t c\u00e1c tr\u00f2 ch\u01a1i poker y\u00eau th\u00edch c\u1ee7a b\u1ea1n v\u00e0 Kh\u00f4ng Ph\u00ed Gaming tr\u00ean b\u00e0n ch\u01a1i ph\u1ed5 bi\u1ebfn. V\u1edbi nhi\u1ec1u h\u00e0nh \u0111\u1ed9ng v\u00e0 s\u1ef1 tinh t\u1ebf c\u1ee7a ch\u1ea5t l\u01b0\u1ee3ng d\u1ecbch v\u1ee5, Parkwest Casino Sonoma gi\u1edbi thi\u1ec7u m\u1ed9t ti\u00eau chu\u1ea9n m\u1edbi \u0111\u1ec3 ch\u01a1i game cao c\u1ea5p \u0111\u1ebfn khu v\u1ef1c Petaluma. S\u1ee9 m\u1ec7nh c\u1ee7a ch\u00fang t\u00f4i l\u00e0 cung c\u1ea5p m\u1ed9t tr\u00f2 ch\u01a1i v\u00e0 \u0103n u\u1ed1ng ph\u00f9 h\u1ee3p kinh nghi\u1ec7m t\u1eadp trung v\u00e0o d\u1ecbch v\u1ee5 kh\u00e1ch h\u00e0ng trong m\u1ed9t m\u00f4i tr\u01b0\u1eddng th\u00e2n thi\u1ec7n, an to\u00e0n, v\u00e0 nguy\u00ean s\u01a1.<\/p>","protected":false},"excerpt":{"rendered":"<p>Parkwest Casino Sonoma mang tr\u00f2 ch\u01a1i y\u00eau th\u00edch c\u1ee7a b\u1ea1n m\u00e0 kh\u00f4ng c\u00f3 ti\u1ebfng \u1ed3n v\u00e0 t\u1eafc ngh\u1ebdn c\u1ee7a khe m\u00e1y v\u00e0 trong s\u1ef1 tho\u1ea3i m\u00e1i c\u1ee7a c\u01a1 s\u1edf kh\u00f4ng kh\u00f3i thu\u1ed1c c\u1ee7a ch\u00fang t\u00f4i. Parkwest Casino Sonoma cung c\u1ea5p m\u1ed9t lo\u1ea1t c\u00e1c tr\u00f2 ch\u01a1i poker y\u00eau th\u00edch c\u1ee7a b\u1ea1n v\u00e0 Kh\u00f4ng Ph\u00ed Gaming tr\u00ean [&hellip;]<\/p>\n","protected":false},"author":1,"featured_media":0,"parent":0,"menu_order":0,"comment_status":"closed","ping_status":"closed","template":"","meta":[],"_links":{"self":[{"href":"https:\/\/parkwestcasinosonoma.com\/vi\/wp-json\/wp\/v2\/pages\/34"}],"collection":[{"href":"https:\/\/parkwestcasinosonoma.com\/vi\/wp-json\/wp\/v2\/pages"}],"about":[{"href":"https:\/\/parkwestcasinosonoma.com\/vi\/wp-json\/wp\/v2\/types\/page"}],"author":[{"embeddable":true,"href":"https:\/\/parkwestcasinosonoma.com\/vi\/wp-json\/wp\/v2\/users\/1"}],"replies":[{"embeddable":true,"href":"https:\/\/parkwestcasinosonoma.com\/vi\/wp-json\/wp\/v2\/comments?post=34"}],"version-history":[{"count":3,"href":"https:\/\/parkwestcasinosonoma.com\/vi\/wp-json\/wp\/v2\/pages\/34\/revisions"}],"predecessor-version":[{"id":286,"href":"https:\/\/parkwestcasinosonoma.com\/vi\/wp-json\/wp\/v2\/pages\/34\/revisions\/286"}],"wp:attachment":[{"href":"https:\/\/parkwestcasinosonoma.com\/vi\/wp-json\/wp\/v2\/media?parent=34"}],"curies":[{"name":"wp","href":"https:\/\/api.w.org\/{rel}","templated":true}]}}