{"id":8,"date":"2015-10-25T22:56:57","date_gmt":"2015-10-25T22:56:57","guid":{"rendered":"http:\/\/dev.parkwestcasinosonoma.com\/?page_id=8"},"modified":"2018-08-03T18:22:25","modified_gmt":"2018-08-03T18:22:25","slug":"dining","status":"publish","type":"page","link":"https:\/\/parkwestcasinosonoma.com\/vi\/dining\/","title":{"rendered":"\u0102n"},"content":{"rendered":"<p>C\u00e1c City Limits Bar and Grill l\u00e0 m\u1ed9t qu\u00e1n bar hi\u1ec7n \u0111\u1ea1i v\u00e0 nh\u00e0 h\u00e0ng ph\u1ee5c v\u1ee5 m\u00f3n cocktail l\u00e0m th\u1ee7 c\u00f4ng, c\u00e1c lo\u1ea1i bia v\u00e0 r\u01b0\u1ee3u vang \u0111\u1ecba ph\u01b0\u01a1ng, ph\u1ed5 bi\u1ebfn 9,99 $ Th\u1ee7 s\u01b0\u1eddn \u0111\u1eb7c bi\u1ec7t v\u00e0 c\u00e1c m\u00f3n \u0103n M\u1ef9 ngon kh\u00e1c. V\u1edbi n\u1ed9i th\u1ea5t ki\u1ec3u d\u00e1ng \u0111\u1eb9p v\u00e0 hi\u1ec7n \u0111\u1ea1i, nh\u01b0ng v\u1eabn tho\u1ea3i m\u00e1i, kh\u00e1ch The City Limits Bar and Grill \u0111\u1ecba \u0111i\u1ec3m \u01b0a th\u00edch c\u1ee7a h\u1ecd \u0111\u1ec3 \u0111i\u1ec1u ch\u1ec9nh trong c\u00e1c s\u1ef1 ki\u1ec7n th\u1ec3 thao, \u0111\u1ed3 \u0103n ngon v\u00e0 th\u1ee9c u\u1ed1ng, v\u00e0 \u0103n \u0111\u00eam cho \u0111\u1ebfn khi 02:00. V\u1edbi s\u1ef1 quan t\u00e2m \u0111\u1ebfn tinh t\u1ebf, d\u1ecbch v\u1ee5, v\u00e0 c\u00e1c m\u00f3n \u0103n ch\u1ea5t l\u01b0\u1ee3ng, The City Limits Bar and Grill gi\u1edbi thi\u1ec7u m\u1ed9t ti\u00eau chu\u1ea9n m\u1edbi cho \u0103n \u0111\u1ecba ph\u01b0\u01a1ng \u1edf Petaluma.<\/p>","protected":false},"excerpt":{"rendered":"<p>C\u00e1c City Limits Bar and Grill l\u00e0 m\u1ed9t qu\u00e1n bar hi\u1ec7n \u0111\u1ea1i v\u00e0 nh\u00e0 h\u00e0ng ph\u1ee5c v\u1ee5 m\u00f3n cocktail l\u00e0m th\u1ee7 c\u00f4ng, c\u00e1c lo\u1ea1i bia v\u00e0 r\u01b0\u1ee3u vang \u0111\u1ecba ph\u01b0\u01a1ng, ph\u1ed5 bi\u1ebfn 9,99 $ Th\u1ee7 s\u01b0\u1eddn \u0111\u1eb7c bi\u1ec7t v\u00e0 c\u00e1c m\u00f3n \u0103n M\u1ef9 ngon kh\u00e1c. V\u1edbi n\u1ed9i th\u1ea5t ki\u1ec3u d\u00e1ng \u0111\u1eb9p v\u00e0 hi\u1ec7n \u0111\u1ea1i, nh\u01b0ng [&hellip;]<\/p>\n","protected":false},"author":1,"featured_media":0,"parent":0,"menu_order":0,"comment_status":"closed","ping_status":"closed","template":"","meta":[],"_links":{"self":[{"href":"https:\/\/parkwestcasinosonoma.com\/vi\/wp-json\/wp\/v2\/pages\/8"}],"collection":[{"href":"https:\/\/parkwestcasinosonoma.com\/vi\/wp-json\/wp\/v2\/pages"}],"about":[{"href":"https:\/\/parkwestcasinosonoma.com\/vi\/wp-json\/wp\/v2\/types\/page"}],"author":[{"embeddable":true,"href":"https:\/\/parkwestcasinosonoma.com\/vi\/wp-json\/wp\/v2\/users\/1"}],"replies":[{"embeddable":true,"href":"https:\/\/parkwestcasinosonoma.com\/vi\/wp-json\/wp\/v2\/comments?post=8"}],"version-history":[{"count":7,"href":"https:\/\/parkwestcasinosonoma.com\/vi\/wp-json\/wp\/v2\/pages\/8\/revisions"}],"predecessor-version":[{"id":599,"href":"https:\/\/parkwestcasinosonoma.com\/vi\/wp-json\/wp\/v2\/pages\/8\/revisions\/599"}],"wp:attachment":[{"href":"https:\/\/parkwestcasinosonoma.com\/vi\/wp-json\/wp\/v2\/media?parent=8"}],"curies":[{"name":"wp","href":"https:\/\/api.w.org\/{rel}","templated":true}]}}